{"id":25,"date":"2024-07-11T23:08:39","date_gmt":"2024-07-11T23:08:39","guid":{"rendered":"https:\/\/mwolanin.pl\/?page_id=25"},"modified":"2025-11-09T21:05:27","modified_gmt":"2025-11-09T21:05:27","slug":"kontakt","status":"publish","type":"page","link":"https:\/\/mwolanin.pl\/en\/kontakt\/","title":{"rendered":"Pozosta\u0144my w kontakcie!"},"content":{"rendered":"<p style=\"text-align: center;\">Jestem do dyspozycji w ka\u017cdej sprawie, w jakiej tylko mog\u0119 pom\u00f3c albo w kt\u00f3r\u0105 mog\u0119 si\u0119 zaanga\u017cowa\u0107. Prosz\u0119 nie waha\u0107 si\u0119 skontaktowa\u0107 poprzez poni\u017cszy e-mail:<\/p>\r\n\r\n\r\n\r\n<p class=\"has-text-align-center\" style=\"text-align: center;\"><a href=\"mailto:mikolaj@mwolanin.pl\">mikolaj@mwolanin.pl<\/a><\/p>\r\n\r\n\r\n\r\n<p style=\"text-align: center;\">W sprawach interwencji czy porady z zakresu praw uczniowskich prosz\u0119 jednak kontaktowa\u0107 si\u0119 z Dzia\u0142em Prawnym Fundacji pod adresem:<\/p>\r\n<p style=\"text-align: center;\"><a href=\"mailto:kontakt@prawaucznia.pl\">kontakt@prawaucznia.pl<\/a><\/p>","protected":false},"excerpt":{"rendered":"<p>Jestem do dyspozycji w ka\u017cdej sprawie, w jakiej tylko mog\u0119 pom\u00f3c albo w kt\u00f3r\u0105 mog\u0119 si\u0119 zaanga\u017cowa\u0107. Prosz\u0119 nie waha\u0107 si\u0119 skontaktowa\u0107 poprzez poni\u017cszy e-mail: mikolaj@mwolanin.pl W sprawach interwencji czy porady z zakresu praw uczniowskich prosz\u0119 jednak kontaktowa\u0107 si\u0119 z Dzia\u0142em Prawnym [&hellip;]<\/p>","protected":false},"author":1,"featured_media":0,"parent":0,"menu_order":0,"comment_status":"closed","ping_status":"closed","template":"","meta":{"footnotes":""},"class_list":["post-25","page","type-page","status-publish","hentry"],"_links":{"self":[{"href":"https:\/\/mwolanin.pl\/en\/wp-json\/wp\/v2\/pages\/25","targetHints":{"allow":["GET"]}}],"collection":[{"href":"https:\/\/mwolanin.pl\/en\/wp-json\/wp\/v2\/pages"}],"about":[{"href":"https:\/\/mwolanin.pl\/en\/wp-json\/wp\/v2\/types\/page"}],"author":[{"embeddable":true,"href":"https:\/\/mwolanin.pl\/en\/wp-json\/wp\/v2\/users\/1"}],"replies":[{"embeddable":true,"href":"https:\/\/mwolanin.pl\/en\/wp-json\/wp\/v2\/comments?post=25"}],"version-history":[{"count":5,"href":"https:\/\/mwolanin.pl\/en\/wp-json\/wp\/v2\/pages\/25\/revisions"}],"predecessor-version":[{"id":192,"href":"https:\/\/mwolanin.pl\/en\/wp-json\/wp\/v2\/pages\/25\/revisions\/192"}],"wp:attachment":[{"href":"https:\/\/mwolanin.pl\/en\/wp-json\/wp\/v2\/media?parent=25"}],"curies":[{"name":"wp","href":"https:\/\/api.w.org\/{rel}","templated":true}]}}